{"id":2,"date":"2022-01-12T19:55:53","date_gmt":"2022-01-12T16:55:53","guid":{"rendered":"https:\/\/blog.onlinecasinoprofy.com\/de\/?page_id=2"},"modified":"2024-02-29T22:46:53","modified_gmt":"2024-02-29T19:46:53","slug":"blog","status":"publish","type":"page","link":"https:\/\/blog.onlinecasinoprofy.com\/de\/","title":{"rendered":"Blog"},"content":{"rendered":"\n<div class=\"is-layout-flex wp-container-3 wp-block-columns\">\n<div class=\"is-layout-flow wp-block-column\" style=\"flex-basis:66.66%\">\n<p>Wir pr\u00e4sentieren unseren OnlineCasinoProfy-Casino-Spiele-Blog, der eine breite Palette von Themen, Online-Casino-Spiel-Strategie, n\u00fctzliche Tipps zu Spielen wie Spielautomaten, Poker, Blackjack usw., die Bedeutung des Casino-Kundendienstes und vieles mehr behandelt.<\/p>\n\n\n\n<p>Unser Online-Casino-Blog soll einen vollst\u00e4ndigen Leitfaden f\u00fcr Online-Casinos bieten, egal ob Sie ein Anf\u00e4nger oder ein erfahrener Spieler sind, es ist f\u00fcr jeden etwas dabei. Die Blog-Site ist hochgradig interaktiv, einfach zu bedienen und jederzeit zug\u00e4nglich. Dar\u00fcber hinaus werden die Artikel von Branchenexperten verfasst und basieren auf h\u00e4ufigen Fragen der Spieler, den neuesten Casino-Nachrichten und anderen interessanten Themen.<\/p>\n\n\n\n<p>Der Casino-Blog von OnlineCasinoProfy ist einer der meistgelesenen Blogs und enth\u00e4lt viele hilfreiche Tipps und Tricks von unseren Experten, wie z.B. Informationen \u00fcber die positiven Auswirkungen des Gl\u00fccksspiels, verantwortungsbewusstes Spielen, Vermeidung von Spielsucht und aktuelle Informationen \u00fcber Online-Casinos, wie z.B. Freispiele, Boni, Boni ohne Einzahlung, exklusive Boni, kostenlose Willkommensboni, die besten legalen <a href=\"https:\/\/onlinecasinoprofy.com\/de\/\">Online-Casinos in Deutschland<\/a>, Casino-Spiele usw.<\/p>\n\n\n\n<p>Der Inhalt des Blogs kann nicht f\u00fcr eventuelle Verluste oder Fehlinterpretationen durch die Spieler verantwortlich gemacht werden. Unser Blog ist nur ein Leitfaden f\u00fcr Spieler und bietet in keiner Weise Gl\u00fccksspielberatung.<\/p>\n<\/div>\n\n\n\n<div class=\"is-layout-flow wp-block-column\" style=\"flex-basis:33.33%\">\n<figure class=\"wp-block-image size-large is-resized\"><img decoding=\"async\" loading=\"lazy\" src=\"https:\/\/blog.onlinecasinoprofy.com\/de\/wp-content\/uploads\/sites\/4\/2022\/01\/maskot-books-1-840x1024.png\" alt=\"onlinecasinoprofy blog DE\" class=\"wp-image-9\" width=\"420\" height=\"512\" srcset=\"https:\/\/blog.onlinecasinoprofy.com\/de\/wp-content\/uploads\/sites\/4\/2022\/01\/maskot-books-1-840x1024.png 840w, https:\/\/blog.onlinecasinoprofy.com\/de\/wp-content\/uploads\/sites\/4\/2022\/01\/maskot-books-1-246x300.png 246w, https:\/\/blog.onlinecasinoprofy.com\/de\/wp-content\/uploads\/sites\/4\/2022\/01\/maskot-books-1-768x937.png 768w, https:\/\/blog.onlinecasinoprofy.com\/de\/wp-content\/uploads\/sites\/4\/2022\/01\/maskot-books-1-1260x1536.png 1260w, https:\/\/blog.onlinecasinoprofy.com\/de\/wp-content\/uploads\/sites\/4\/2022\/01\/maskot-books-1.png 1312w\" sizes=\"(max-width: 420px) 100vw, 420px\" \/><\/figure>\n<\/div>\n<\/div>\n","protected":false},"excerpt":{"rendered":"","protected":false},"author":6,"featured_media":0,"parent":0,"menu_order":0,"comment_status":"closed","ping_status":"open","template":"blog.php","meta":[],"acf":{"hreflang":"de","alternate":[{"url":"https:\/\/blog.polskiekasynaonline24.com\/","hreflang":"pl"},{"url":"https:\/\/blog.onlinecasinoprofy.com\/de\/","hreflang":"de"},{"url":"https:\/\/blog.onlinecasinoprofy.com\/be\/","hreflang":"fr-BE"},{"url":"https:\/\/blog.onlinecasinoprofy.com\/en\/","hreflang":"en"}],"breadcrumb":"","faq":false,"meta":{"show_in":"head","content":""},"json":{"show_in":"head","content":""},"additional_field":"","html_lang":"","benefits":false,"howto":{"out":[],"name":"","description":"","totaltime":"","supply":"Email","howtotool":"Laptop or Mobile Phone"},"logo_desktop_banner":false,"name_casino_desktop_banner":"Play casino of the month","bonus_desktop_banner":"","bonus_t_c_desktop_banner":"","ref_url_desktop_banner":"","logo_desktop_banner_user2":false,"name_casino_desktop_banner_user2":"Play casino of the month","bonus_desktop_banner_user2":"","bonus_t_c_desktop_banner_user2":"","ref_url_desktop_banner_user2":"","color_banner":"#298C4B","logo_banner":false,"description_banner":"Play casino of the month","img_right_banner":false,"ref_url_banner":"","logo_banner_bonus":false,"description_banner_bonus":"Play casino of the month","ref_url_banner_bonus":"","logo_banner_bonus_user2":false,"description_banner_bonus_user2":"Play casino of the month","ref_url_banner_bonus_user2":"","color_banner_user2":"#298C4B","logo_banner_user2":false,"description_banner_user2":"Play casino of the month","img_right_banner_user2":false,"ref_url_banner_user2":"","game_features":false,"pluses_minuses":{"title_pluses":"","pluses":false,"title_minuses":"","minuses":false},"steps":false,"things":false,"not_location_out":[],"inner_link_info":{"title":"","image":false},"cod_head":""},"yoast_head":"<!-- This site is optimized with the Yoast SEO Premium plugin v15.9 - https:\/\/yoast.com\/wordpress\/plugins\/seo\/ -->\n<title>Blog | Alles \u00fcber deutsche Online-Casinos | OnlineCasinoProfy DE!<\/title>\n<meta name=\"description\" content=\"Unser Blog ist dem Gl\u00fccksspiel gewidmet, wo Sie Informationen \u00fcber Online- und Offline-Casinos finden k\u00f6nnen. Wir w\u00fcnschen Ihnen viel Spa\u00df!\" \/>\n<meta name=\"robots\" content=\"index, follow, max-snippet:-1, max-image-preview:large, max-video-preview:-1\" \/>\n<link rel=\"canonical\" href=\"https:\/\/blog.onlinecasinoprofy.com\/de\/\" \/>\n<meta property=\"og:locale\" content=\"de_DE\" \/>\n<meta property=\"og:type\" content=\"article\" \/>\n<meta property=\"og:title\" content=\"Blog | Alles \u00fcber deutsche Online-Casinos | OnlineCasinoProfy DE!\" \/>\n<meta property=\"og:description\" content=\"Unser Blog ist dem Gl\u00fccksspiel gewidmet, wo Sie Informationen \u00fcber Online- und Offline-Casinos finden k\u00f6nnen. Wir w\u00fcnschen Ihnen viel Spa\u00df!\" \/>\n<meta property=\"og:url\" content=\"https:\/\/blog.onlinecasinoprofy.com\/de\/\" \/>\n<meta property=\"og:site_name\" content=\"CasinoProfy DE - Blog\" \/>\n<meta property=\"article:modified_time\" content=\"2024-02-29T19:46:53+00:00\" \/>\n<meta property=\"og:image\" content=\"https:\/\/blog.onlinecasinoprofy.com\/de\/wp-content\/uploads\/sites\/4\/2022\/01\/maskot-books-1-840x1024.png\" \/>\n<meta name=\"twitter:card\" content=\"summary_large_image\" \/>\n<meta name=\"twitter:label1\" content=\"Gesch\u00e4tzte Lesezeit\">\n\t<meta name=\"twitter:data1\" content=\"1\u00a0Minute\">\n<!-- \/ Yoast SEO Premium plugin. -->","_links":{"self":[{"href":"https:\/\/blog.onlinecasinoprofy.com\/de\/wp-json\/wp\/v2\/pages\/2"}],"collection":[{"href":"https:\/\/blog.onlinecasinoprofy.com\/de\/wp-json\/wp\/v2\/pages"}],"about":[{"href":"https:\/\/blog.onlinecasinoprofy.com\/de\/wp-json\/wp\/v2\/types\/page"}],"author":[{"embeddable":true,"href":"https:\/\/blog.onlinecasinoprofy.com\/de\/wp-json\/wp\/v2\/users\/6"}],"replies":[{"embeddable":true,"href":"https:\/\/blog.onlinecasinoprofy.com\/de\/wp-json\/wp\/v2\/comments?post=2"}],"version-history":[{"count":25,"href":"https:\/\/blog.onlinecasinoprofy.com\/de\/wp-json\/wp\/v2\/pages\/2\/revisions"}],"predecessor-version":[{"id":1328,"href":"https:\/\/blog.onlinecasinoprofy.com\/de\/wp-json\/wp\/v2\/pages\/2\/revisions\/1328"}],"wp:attachment":[{"href":"https:\/\/blog.onlinecasinoprofy.com\/de\/wp-json\/wp\/v2\/media?parent=2"}],"curies":[{"name":"wp","href":"https:\/\/api.w.org\/{rel}","templated":true}]}}