{"id":2,"date":"2023-07-25T20:06:30","date_gmt":"2023-07-25T17:06:30","guid":{"rendered":"https:\/\/blog.onlinecasinoprofy.com\/be\/?page_id=2"},"modified":"2024-02-29T22:46:59","modified_gmt":"2024-02-29T19:46:59","slug":"sample-page","status":"publish","type":"page","link":"https:\/\/blog.onlinecasinoprofy.com\/be\/","title":{"rendered":"Blog"},"content":{"rendered":"<div class=\"wp-block-image\">\n<figure class=\"alignright size-full is-resized\"><img decoding=\"async\" loading=\"lazy\" src=\"https:\/\/blog.onlinecasinoprofy.com\/be\/wp-content\/uploads\/sites\/5\/2023\/07\/casino-3.png\" alt=\"casino\" class=\"wp-image-19\" width=\"424\" height=\"331\"\/><\/figure><\/div>\n\n\n<p>Notre blog sur les jeux de casino OnlineCasinoProfy couvre un large \u00e9ventail de sujets, la strat\u00e9gie des jeux de casino en ligne, des conseils utiles sur des jeux tels que les machines \u00e0 sous, le poker, le blackjack, etc. l&#8217;importance du service client\u00e8le des casinos et bien d&#8217;autres choses encore.<\/p>\n\n\n\n<p>Notre blog sur les casinos en ligne vise \u00e0 fournir un guide complet sur les casinos en ligne, que vous soyez un d\u00e9butant ou un joueur exp\u00e9riment\u00e9, il y a quelque chose pour tout le monde. Le site du blog est hautement interactif, facile \u00e0 utiliser et toujours accessible. En outre, les articles sont r\u00e9dig\u00e9s par des experts de l&#8217;industrie, en fonction des questions fr\u00e9quemment pos\u00e9es par les joueurs, des derni\u00e8res nouvelles sur les casinos et d&#8217;autres sujets d&#8217;int\u00e9r\u00eat.<\/p>\n\n\n\n<p>Le blog du casino OnlineCasinoProfy est l&#8217;un des blogs les plus lus, contenant de nombreux conseils et astuces utiles de nos experts, tels que des informations sur les effets positifs du jeu, le jeu responsable, comment \u00e9viter la d\u00e9pendance au jeu et les mises \u00e0 jour des casinos en ligne tels que les tours gratuits, les bonus, les bonus sans d\u00e9p\u00f4t, les bonus exclusifs, les bonus de bienvenue gratuits, les meilleurs casinos en ligne l\u00e9gaux en Belgique, les jeux de casino, etc.<\/p>\n\n\n\n<p>Le contenu du blog ne peut \u00eatre tenu responsable de toute perte ou mauvaise interpr\u00e9tation de la part des joueurs. Notre blog est uniquement un guide pour les joueurs et ne fournit en aucun cas des conseils de jeu.<\/p>\n","protected":false},"excerpt":{"rendered":"","protected":false},"author":8,"featured_media":0,"parent":0,"menu_order":0,"comment_status":"closed","ping_status":"open","template":"blog.php","meta":[],"acf":{"html_lang":"","additional_field":"","benefits":false,"howto":{"out":[],"name":"","description":"","totaltime":"","supply":"Email","howtotool":"Laptop or Mobile Phone"},"breadcrumb":"","logo_desktop_banner":false,"name_casino_desktop_banner":"Play casino of the month","bonus_desktop_banner":"","bonus_t_c_desktop_banner":"","ref_url_desktop_banner":"","logo_desktop_banner_user2":false,"name_casino_desktop_banner_user2":"Play casino of the month","bonus_desktop_banner_user2":"","bonus_t_c_desktop_banner_user2":"","ref_url_desktop_banner_user2":"","color_banner":"#298C4B","logo_banner":false,"description_banner":"Play casino of the month","img_right_banner":false,"ref_url_banner":"","logo_banner_bonus":false,"description_banner_bonus":"Play casino of the month","ref_url_banner_bonus":"","logo_banner_bonus_user2":false,"description_banner_bonus_user2":"Play casino of the month","ref_url_banner_bonus_user2":"","color_banner_user2":"#298C4B","logo_banner_user2":false,"description_banner_user2":"Play casino of the month","img_right_banner_user2":false,"ref_url_banner_user2":"","faq":false,"game_features":false,"hreflang":"fr-BE","alternate":[{"url":"https:\/\/blog.polskiekasynaonline24.com\/","hreflang":"pl"},{"url":"https:\/\/blog.onlinecasinoprofy.com\/de\/","hreflang":"de"},{"url":"https:\/\/blog.onlinecasinoprofy.com\/be\/","hreflang":"fr-BE"},{"url":"https:\/\/blog.onlinecasinoprofy.com\/en\/","hreflang":"en"}],"pluses_minuses":{"title_pluses":"","pluses":false,"title_minuses":"","minuses":false},"steps":false,"things":false,"not_location_out":[],"inner_link_info":{"title":"","image":false},"meta":{"show_in":"head","content":""},"json":{"show_in":"head","content":""},"cod_head":""},"yoast_head":"<!-- This site is optimized with the Yoast SEO Premium plugin v15.9 - https:\/\/yoast.com\/wordpress\/plugins\/seo\/ -->\n<title>Blog Pour Les Joueurs Belges de Casino en Ligne!<\/title>\n<meta name=\"description\" content=\"Notre objectif est de vous apporter les meilleurs conseils et articles pour vous aider \u00e0 en savoir plus sur le monde du casino en ligne.\" \/>\n<meta name=\"robots\" content=\"index, follow, max-snippet:-1, max-image-preview:large, max-video-preview:-1\" \/>\n<link rel=\"canonical\" href=\"https:\/\/blog.onlinecasinoprofy.com\/be\/\" \/>\n<meta property=\"og:locale\" content=\"fr_FR\" \/>\n<meta property=\"og:type\" content=\"article\" \/>\n<meta property=\"og:title\" content=\"Blog Pour Les Joueurs Belges de Casino en Ligne!\" \/>\n<meta property=\"og:description\" content=\"Notre objectif est de vous apporter les meilleurs conseils et articles pour vous aider \u00e0 en savoir plus sur le monde du casino en ligne.\" \/>\n<meta property=\"og:url\" content=\"https:\/\/blog.onlinecasinoprofy.com\/be\/\" \/>\n<meta property=\"og:site_name\" content=\"CasinoProfy BE - Blog\" \/>\n<meta property=\"article:modified_time\" content=\"2024-02-29T19:46:59+00:00\" \/>\n<meta property=\"og:image\" content=\"https:\/\/blog.onlinecasinoprofy.com\/be\/wp-content\/uploads\/sites\/5\/2023\/07\/casino-3.png\" \/>\n<meta name=\"twitter:card\" content=\"summary_large_image\" \/>\n<meta name=\"twitter:label1\" content=\"Est. reading time\">\n\t<meta name=\"twitter:data1\" content=\"2 minutes\">\n<!-- \/ Yoast SEO Premium plugin. -->","_links":{"self":[{"href":"https:\/\/blog.onlinecasinoprofy.com\/be\/wp-json\/wp\/v2\/pages\/2"}],"collection":[{"href":"https:\/\/blog.onlinecasinoprofy.com\/be\/wp-json\/wp\/v2\/pages"}],"about":[{"href":"https:\/\/blog.onlinecasinoprofy.com\/be\/wp-json\/wp\/v2\/types\/page"}],"author":[{"embeddable":true,"href":"https:\/\/blog.onlinecasinoprofy.com\/be\/wp-json\/wp\/v2\/users\/8"}],"replies":[{"embeddable":true,"href":"https:\/\/blog.onlinecasinoprofy.com\/be\/wp-json\/wp\/v2\/comments?post=2"}],"version-history":[{"count":7,"href":"https:\/\/blog.onlinecasinoprofy.com\/be\/wp-json\/wp\/v2\/pages\/2\/revisions"}],"predecessor-version":[{"id":367,"href":"https:\/\/blog.onlinecasinoprofy.com\/be\/wp-json\/wp\/v2\/pages\/2\/revisions\/367"}],"wp:attachment":[{"href":"https:\/\/blog.onlinecasinoprofy.com\/be\/wp-json\/wp\/v2\/media?parent=2"}],"curies":[{"name":"wp","href":"https:\/\/api.w.org\/{rel}","templated":true}]}}